{"id":409,"date":"2020-09-10T06:53:58","date_gmt":"2020-09-10T06:53:58","guid":{"rendered":"https:\/\/mayacare.no\/?page_id=409"},"modified":"2024-03-29T14:49:03","modified_gmt":"2024-03-29T14:49:03","slug":"home","status":"publish","type":"page","link":"https:\/\/mayacare.no\/","title":{"rendered":"Home"},"content":{"rendered":"\n<div class=\"wp-block-uagb-container uagb-block-d969efbd alignfull uagb-is-root-container\"><div class=\"uagb-container-inner-blocks-wrap\">\n<div class=\"wp-block-uagb-container uagb-block-c4f1b9ca\">\n<div class=\"wp-block-uagb-advanced-heading uagb-block-51904532\"><h1 class=\"uagb-heading-text\">Sammen kan vi lage en sunnere verden<\/h1><\/div>\n<\/div>\n\n\n\n<div class=\"wp-block-uagb-container uagb-block-1fc33339\">\n<div class=\"wp-block-uagb-advanced-heading uagb-block-a1bc58f5\"><h4 class=\"uagb-heading-text\">Vil du vite mer om v\u00e5re ledige oppdrag? Send din kontaktinformasjon, og vi tar kontakt.<\/h4><div class=\"uagb-separator\"><\/div><\/div>\n\n\n<div class=\"wpforms-container \" id=\"wpforms-7\"><form id=\"wpforms-form-7\" class=\"wpforms-validate wpforms-form wpforms-ajax-form\" data-formid=\"7\" method=\"post\" enctype=\"multipart\/form-data\" action=\"\/index.php?rest_route=%2Fwp%2Fv2%2Fpages%2F409\" data-token=\"3617fa778c1c591f2e968cde352f34d3\"><noscript class=\"wpforms-error-noscript\">Please enable JavaScript in your browser to complete this form.<\/noscript><div class=\"wpforms-field-container\"><div id=\"wpforms-7-field_0-container\" class=\"wpforms-field wpforms-field-name\" data-field-id=\"0\"><label class=\"wpforms-field-label\" for=\"wpforms-7-field_0\">Fornavn \/ Etternavn <span class=\"wpforms-required-label\">*<\/span><\/label><input type=\"text\" id=\"wpforms-7-field_0\" class=\"wpforms-field-large wpforms-field-required\" name=\"wpforms[fields][0]\" required><\/div><div id=\"wpforms-7-field_1-container\" class=\"wpforms-field wpforms-field-email\" data-field-id=\"1\"><label class=\"wpforms-field-label\" for=\"wpforms-7-field_1\">Epost <span class=\"wpforms-required-label\">*<\/span><\/label><input type=\"email\" id=\"wpforms-7-field_1\" class=\"wpforms-field-large wpforms-field-required\" name=\"wpforms[fields][1]\" required><\/div><div id=\"wpforms-7-field_3-container\" class=\"wpforms-field wpforms-field-text\" data-field-id=\"3\"><label class=\"wpforms-field-label\" for=\"wpforms-7-field_3\">Mobil <span class=\"wpforms-required-label\">*<\/span><\/label><input type=\"text\" id=\"wpforms-7-field_3\" class=\"wpforms-field-large wpforms-field-required\" name=\"wpforms[fields][3]\" required><\/div><div id=\"wpforms-7-field_2-container\" class=\"wpforms-field wpforms-field-textarea\" data-field-id=\"2\"><label class=\"wpforms-field-label\" for=\"wpforms-7-field_2\">Tekst <span class=\"wpforms-required-label\">*<\/span><\/label><textarea id=\"wpforms-7-field_2\" class=\"wpforms-field-medium wpforms-field-required\" name=\"wpforms[fields][2]\" required><\/textarea><\/div><\/div><div class=\"wpforms-submit-container\"><input type=\"hidden\" name=\"wpforms[id]\" value=\"7\"><input type=\"hidden\" name=\"wpforms[author]\" value=\"1\"><button type=\"submit\" name=\"wpforms[submit]\" id=\"wpforms-submit-7\" class=\"wpforms-submit\" data-alt-text=\"Sender...\" data-submit-text=\"Send\" aria-live=\"assertive\" value=\"wpforms-submit\">Send<\/button><img loading=\"lazy\" decoding=\"async\" src=\"https:\/\/mayacare.no\/wp-content\/plugins\/wpforms-lite\/assets\/images\/submit-spin.svg\" class=\"wpforms-submit-spinner\" style=\"display: none;\" width=\"26\" height=\"26\" alt=\"Loading\"><\/div><\/form><\/div>  <!-- .wpforms-container --><\/div>\n<\/div><\/div>\n\n\n\n<div id=\"about\" class=\"wp-block-uagb-container uagb-block-f3db8bba alignfull uagb-is-root-container\"><div class=\"uagb-container-inner-blocks-wrap\">\n<div class=\"wp-block-uagb-container uagb-block-d9b63fe9\">\n<div class=\"wp-block-uagb-image uagb-block-02fec8e9 wp-block-uagb-image--layout-default wp-block-uagb-image--effect-static wp-block-uagb-image--align-none\"><figure class=\"wp-block-uagb-image__figure\"><img decoding=\"async\" srcset=\"https:\/\/mayacare.no\/wp-content\/uploads\/2023\/02\/man-brain-trauma-7715873-1024x730.png ,https:\/\/mayacare.no\/wp-content\/uploads\/2020\/03\/home-dentist-img-02.jpg 780w, https:\/\/mayacare.no\/wp-content\/uploads\/2020\/03\/home-dentist-img-02.jpg 360w\" src=\"https:\/\/mayacare.no\/wp-content\/uploads\/2023\/02\/man-brain-trauma-7715873-1024x730.png\" alt=\"man, brain, trauma-7715873.jpg\" class=\"uag-image-842\" width=\"800\" height=\"600\" title=\"\" loading=\"lazy\"\/><\/figure><\/div>\n<\/div>\n\n\n\n<div class=\"wp-block-uagb-container uagb-block-53605518\">\n<div class=\"wp-block-uagb-advanced-heading uagb-block-19ef95a6\" id=\"about\"><h2 class=\"uagb-heading-text\">Om oss<\/h2><\/div>\n\n\n\n<p style=\"margin-top:0;margin-right:0;margin-bottom:0;margin-left:0\">MayaCare ble grunnlagt av lege Hasan, som selv jobbet som stabslege i Norge. Han kunne se det store behovet og ettersp\u00f8rselen etter kompetente leger i Norge. Med egen erfaring som stabslege hadde han god innsikt i \u00f8nsker og behov til den ansatte. Dette ble starten p\u00e5 MayaCare hvor m\u00e5let er \u00e5 gi b\u00e5de kunder og ansatte best mulig forutsetninger for en tilfredsstillende arbeidssituasjon hvor alle parter er trygge og forn\u00f8yde.<\/p>\n<\/div>\n<\/div><\/div>\n\n\n\n<div id=\"foremployees\" class=\"wp-block-uagb-container uagb-block-363cb158 alignfull uagb-is-root-container\"><div class=\"uagb-container-inner-blocks-wrap\">\n<div class=\"wp-block-uagb-container uagb-block-0ff3eeb3\">\n<div class=\"wp-block-uagb-image uagb-block-c388f8c6 wp-block-uagb-image--layout-default wp-block-uagb-image--effect-static wp-block-uagb-image--align-none\"><figure class=\"wp-block-uagb-image__figure\"><img decoding=\"async\" srcset=\"https:\/\/mayacare.no\/wp-content\/uploads\/2023\/02\/doctor-medicine-man-2025725-512x1024.png ,https:\/\/mayacare.no\/wp-content\/uploads\/2020\/03\/home-dentist-img-02.jpg 780w, https:\/\/mayacare.no\/wp-content\/uploads\/2020\/03\/home-dentist-img-02.jpg 360w\" src=\"https:\/\/mayacare.no\/wp-content\/uploads\/2023\/02\/doctor-medicine-man-2025725-512x1024.png\" alt=\"doctor, medicine, man-2025725.jpg\" class=\"uag-image-827\" width=\"512\" height=\"600\" title=\"\" loading=\"lazy\"\/><\/figure><\/div>\n<\/div>\n\n\n\n<div class=\"wp-block-uagb-container uagb-block-9222d2f4\">\n<div class=\"wp-block-uagb-advanced-heading uagb-block-b927e5f6\" id=\"foremployees\"><h2 class=\"uagb-heading-text\">FOR JOBBS\u00d8KE<\/h2><\/div>\n\n\n\n<p style=\"margin-top:0;margin-right:0;margin-bottom:0;margin-left:0\">Hos Mayacare er vi dedikert til \u00e5 gi helsepersonell meningsfulle jobbmuligheter i hele Norge. Vi forst\u00e5r at det kan v\u00e6re utfordrende \u00e5 jobbe i helsevesenet, og det er derfor vi tilbyr en omfattende pakke med fordeler for \u00e5 st\u00f8tte v\u00e5re ansatte.<\/p>\n\n\n\n<div class=\"wp-block-uagb-advanced-heading uagb-block-177744e6\"><h4 class=\"uagb-heading-text\"><strong>Dette inkluderer<\/strong><\/h4><\/div>\n\n\n\n<ul class=\"wp-block-list\">\n<li>Et bredt spekter av spennende jobbmuligheter i Norge<\/li>\n\n\n\n<li>Konkurransedyktige l\u00f8nninger<\/li>\n\n\n\n<li>Dekning av reise- og bokostnader<\/li>\n<\/ul>\n<\/div>\n<\/div><\/div>\n\n\n\n<div id=\"foremployers\" class=\"wp-block-uagb-container uagb-block-92b1cebb alignfull uagb-is-root-container\"><div class=\"uagb-container-inner-blocks-wrap\">\n<div class=\"wp-block-uagb-container uagb-block-ba76e93f\">\n<div class=\"wp-block-uagb-image uagb-block-c8fc7a21 wp-block-uagb-image--layout-default wp-block-uagb-image--effect-static wp-block-uagb-image--align-none\"><figure class=\"wp-block-uagb-image__figure\"><img decoding=\"async\" srcset=\"https:\/\/mayacare.no\/wp-content\/uploads\/2023\/02\/medical-health-medicine-5459633-998x1024.png ,https:\/\/mayacare.no\/wp-content\/uploads\/2020\/03\/home-dentist-img-02.jpg 780w, https:\/\/mayacare.no\/wp-content\/uploads\/2020\/03\/home-dentist-img-02.jpg 360w\" src=\"https:\/\/mayacare.no\/wp-content\/uploads\/2023\/02\/medical-health-medicine-5459633-998x1024.png\" alt=\"medical, health, medicine-5459633.jpg\" class=\"uag-image-829\" width=\"\" height=\"500\" title=\"\" loading=\"lazy\"\/><\/figure><\/div>\n<\/div>\n\n\n\n<div class=\"wp-block-uagb-container uagb-block-c5ceb0de\">\n<div class=\"wp-block-uagb-advanced-heading uagb-block-523c52dc\" id=\"foremployers\"><h2 class=\"uagb-heading-text\">FOR KUNDER<\/h2><\/div>\n\n\n\n<div class=\"wp-block-uagb-advanced-heading uagb-block-9bed84c7\"><h3 class=\"uagb-heading-text\">Leie lege via MayaCare<\/h3><\/div>\n\n\n\n<ul class=\"wp-block-list\">\n<li>MayaCare bist\u00e5r deg med \u00e5 finne riktig vikar. Erfaring og utdanning fra helsevesenet er et krav for v\u00e5rt bemanningsbyr\u00e5. Lege er sv\u00e6rt etterspurte yrke i Norden, noe som kan gj\u00f8re rekrutteringsprosessen utfordrende. Vi hjelper deg \u00e5 enkelt finne og leie leger med god kompetanse innenfor de fleste omr\u00e5der.&nbsp;<\/li>\n\n\n\n<li>Vi kontrollerer alltid gyldig autorisasjon, politiattest, sjekker klagesaker hos helsetilsynet, minst 2 referanser og gjennomf\u00f8rer personlige intervjuer.<\/li>\n\n\n\n<li>Alle v\u00e5re leger er skandinavisktalende. Vi rekrutterer nye leger hver eneste dag for \u00e5 kunne hjelpe v\u00e5re kunder \u00e5 leie leger i hele Norge.<\/li>\n\n\n\n<li>Vi kan raskt tilby riktig, engasjert og kompetent personell som enkelt hjelper deg gjennom hele rekrutteringsprosessen. Vi rekrutterer til b\u00e5de private og offentlige aktiviteter.<\/li>\n\n\n\n<li>\u00d8nsker du \u00e5 vite mer om v\u00e5r legebemanning og hva vi kan tilby? Du er velkommen til \u00e5 kontakte oss p\u00e5 telefon vardagar mellom 8-17: 90-780061 eller +46768429191. Dersom det er noe som haster er vi ogs\u00e5 tilgjengelig p\u00e5 samme telefonnummer p\u00e5 kvelder og i helger. Du kan ogs\u00e5 sende oss en e-post 24 timer i d\u00f8gnet p\u00e5&nbsp;<a rel=\"noreferrer noopener\" href=\"mailto:Hasan.meyah@mayacare.no\" target=\"_blank\">hasan.mayahi@mayacare.no<\/a>&nbsp;eller <a rel=\"noreferrer noopener\" href=\"mailto:Malin.edstrom@mayacare.no\" target=\"_blank\">malin.edstrom@mayacare.no<\/a>&nbsp;\u2013 vi kontakter deg s\u00e5 snart som mulig.<\/li>\n<\/ul>\n<\/div>\n<\/div><\/div>\n\n\n\n<div id=\"contact\" class=\"wp-block-uagb-container uagb-block-b6ad4675 alignfull uagb-is-root-container\"><div class=\"uagb-container-inner-blocks-wrap\">\n<div class=\"wp-block-uagb-container uagb-block-6296f18b\">\n<div class=\"wp-block-uagb-container uagb-block-ad7d35fe\">\n<div class=\"inherit-container-width wp-block-group is-layout-constrained wp-block-group-is-layout-constrained\">\n<div class=\"wp-block-uagb-advanced-heading uagb-block-24458007\" id=\"contact\"><h3 class=\"uagb-heading-text\">KONTAKT OSS<\/h3><\/div>\n\n\n\n<div class=\"inherit-container-width wp-block-group is-layout-constrained wp-block-group-is-layout-constrained\">\n<figure class=\"wp-block-image aligncenter size-large is-resized\"><img loading=\"lazy\" decoding=\"async\" width=\"888\" height=\"1024\" src=\"https:\/\/mayacare.no\/wp-content\/uploads\/2024\/03\/5fb2a8db-d185-47ad-8b0e-5c3e4f880db5-888x1024.jpeg\" alt=\"\" class=\"wp-image-875\" style=\"width:386px;height:auto\" srcset=\"https:\/\/mayacare.no\/wp-content\/uploads\/2024\/03\/5fb2a8db-d185-47ad-8b0e-5c3e4f880db5-888x1024.jpeg 888w, https:\/\/mayacare.no\/wp-content\/uploads\/2024\/03\/5fb2a8db-d185-47ad-8b0e-5c3e4f880db5-260x300.jpeg 260w, https:\/\/mayacare.no\/wp-content\/uploads\/2024\/03\/5fb2a8db-d185-47ad-8b0e-5c3e4f880db5-768x885.jpeg 768w, https:\/\/mayacare.no\/wp-content\/uploads\/2024\/03\/5fb2a8db-d185-47ad-8b0e-5c3e4f880db5.jpeg 1290w\" sizes=\"auto, (max-width: 888px) 100vw, 888px\" \/><\/figure>\n<\/div>\n<\/div>\n\n\n\n<div class=\"wp-block-uagb-buttons uagb-buttons__outer-wrap uagb-btn__default-btn uagb-btn-tablet__default-btn uagb-btn-mobile__default-btn uagb-block-ae1b40b0\"><div class=\"uagb-buttons__wrap uagb-buttons-layout-wrap\">\n<div class=\"wp-block-uagb-buttons-child uagb-buttons__outer-wrap uagb-block-3267ffea wp-block-button is-style-outline\"><div class=\"uagb-button__wrapper\"><a class=\"uagb-buttons-repeater wp-block-button__link\" href=\"#\" onclick=\"return false;\" rel=\"follow noopener\" target=\"_self\"><div class=\"uagb-button__link\">+0046729482856<\/div><\/a><\/div><\/div>\n<\/div><\/div>\n\n\n\n<div class=\"wp-block-uagb-buttons uagb-buttons__outer-wrap uagb-btn__default-btn uagb-btn-tablet__default-btn uagb-btn-mobile__default-btn uagb-block-ddb16b00\"><div class=\"uagb-buttons__wrap uagb-buttons-layout-wrap\">\n<div class=\"wp-block-uagb-buttons-child uagb-buttons__outer-wrap uagb-block-9fb79133 wp-block-button is-style-outline\"><div class=\"uagb-button__wrapper\"><a class=\"uagb-buttons-repeater wp-block-button__link\" href=\"#\" onclick=\"return false;\" rel=\"follow noopener\" target=\"_self\"><div class=\"uagb-button__link\">hasan.mayahi@mayacare.no<\/div><\/a><\/div><\/div>\n<\/div><\/div>\n<\/div>\n<\/div>\n<\/div><\/div>\n","protected":false},"excerpt":{"rendered":"","protected":false},"author":1,"featured_media":0,"parent":0,"menu_order":0,"comment_status":"closed","ping_status":"closed","template":"","meta":{"_uag_custom_page_level_css":"","site-sidebar-layout":"no-sidebar","site-content-layout":"plain-container","ast-global-header-display":"","ast-main-header-display":"","ast-hfb-above-header-display":"","ast-hfb-below-header-display":"","ast-hfb-mobile-header-display":"","site-post-title":"disabled","ast-breadcrumbs-content":"","ast-featured-img":"disabled","footer-sml-layout":"","theme-transparent-header-meta":"default","adv-header-id-meta":"","stick-header-meta":"","header-above-stick-meta":"","header-main-stick-meta":"","header-below-stick-meta":"","footnotes":""},"class_list":["post-409","page","type-page","status-publish","hentry"],"uagb_featured_image_src":{"full":false,"thumbnail":false,"medium":false,"medium_large":false,"large":false,"1536x1536":false,"2048x2048":false},"uagb_author_info":{"display_name":"hasan.mayahi","author_link":"https:\/\/mayacare.no\/?author=1"},"uagb_comment_info":0,"uagb_excerpt":null,"_links":{"self":[{"href":"https:\/\/mayacare.no\/index.php?rest_route=\/wp\/v2\/pages\/409","targetHints":{"allow":["GET"]}}],"collection":[{"href":"https:\/\/mayacare.no\/index.php?rest_route=\/wp\/v2\/pages"}],"about":[{"href":"https:\/\/mayacare.no\/index.php?rest_route=\/wp\/v2\/types\/page"}],"author":[{"embeddable":true,"href":"https:\/\/mayacare.no\/index.php?rest_route=\/wp\/v2\/users\/1"}],"replies":[{"embeddable":true,"href":"https:\/\/mayacare.no\/index.php?rest_route=%2Fwp%2Fv2%2Fcomments&post=409"}],"version-history":[{"count":42,"href":"https:\/\/mayacare.no\/index.php?rest_route=\/wp\/v2\/pages\/409\/revisions"}],"predecessor-version":[{"id":876,"href":"https:\/\/mayacare.no\/index.php?rest_route=\/wp\/v2\/pages\/409\/revisions\/876"}],"wp:attachment":[{"href":"https:\/\/mayacare.no\/index.php?rest_route=%2Fwp%2Fv2%2Fmedia&parent=409"}],"curies":[{"name":"wp","href":"https:\/\/api.w.org\/{rel}","templated":true}]}}